{"id":3440,"date":"2019-08-19T07:06:47","date_gmt":"2019-08-19T07:06:47","guid":{"rendered":"https:\/\/hikari.ee\/?post_type=product&#038;p=3440"},"modified":"2023-11-17T17:33:31","modified_gmt":"2023-11-17T14:33:31","slug":"hikari-eye-cleanser-100-ml","status":"publish","type":"product","link":"https:\/\/hikari.ee\/ru\/koik-tooted\/domashnyaya-liniya\/ochishhenie-ru\/hikari-eye-cleanser-100-ml\/","title":{"rendered":"HIKARI EYE &#038; LIP CLEANSER 100 ML"},"content":{"rendered":"<p>Kahefaasiline koostis v\u00f5imaldab peaaegu koheselt lahustada ka k\u00f5ige vastupidavamad meigij\u00e4\u00e4gid ja puhastada pehmelt tundlikku silma\u00fcmbruspiirkonda. Vahendil on nahka niisutav ja pehmendav ning kortse siluv toime. Aitab ennetada ripsmete v\u00e4ljalangemist. J\u00e4tab nahale meeldiva v\u00e4rskustunde. Sobib tundlikele silmadele ja kontaktl\u00e4\u00e4tsede kandjatele.<\/p>\n<p><strong>Kasutamine:<\/strong> Kandke vahendit vatipadja abil laugudele ja silmade \u00fcmbrusse. Enne kasutamist loksutada! Ei vaja veega loputamist. Kompress v\u00e4sinud silmadele: niisutage vatipatju HIKARI Eye Cleanser\u2019ga, asetage silmadele ja laske 10\u201215 minutit toimida.<\/p>\n","protected":false},"excerpt":{"rendered":"<p>Kahefaasiline koostis v\u00f5imaldab peaaegu koheselt lahustada ka k\u00f5ige vastupidavamad meigij\u00e4\u00e4gid ja puhastada pehmelt tundlikku silma\u00fcmbruspiirkonda. Vahendil on nahka niisutav ja pehmendav ning kortse siluv toime. Aitab ennetada ripsmete v\u00e4ljalangemist. J\u00e4tab nahale meeldiva v\u00e4rskustunde. Sobib tundlikele silmadele ja kontaktl\u00e4\u00e4tsede kandjatele. Kasutamine:<\/p>\n","protected":false},"featured_media":3441,"template":"","meta":[],"product_cat":[165,169],"product_tag":[],"class_list":{"0":"post-3440","1":"product","2":"type-product","3":"status-publish","4":"has-post-thumbnail","6":"product_cat-domashnyaya-liniya","7":"product_cat-ochishhenie-ru","9":"first","10":"instock","11":"shipping-taxable","12":"product-type-simple"},"_links":{"self":[{"href":"https:\/\/hikari.ee\/ru\/wp-json\/wp\/v2\/product\/3440","targetHints":{"allow":["GET"]}}],"collection":[{"href":"https:\/\/hikari.ee\/ru\/wp-json\/wp\/v2\/product"}],"about":[{"href":"https:\/\/hikari.ee\/ru\/wp-json\/wp\/v2\/types\/product"}],"wp:featuredmedia":[{"embeddable":true,"href":"https:\/\/hikari.ee\/ru\/wp-json\/wp\/v2\/media\/3441"}],"wp:attachment":[{"href":"https:\/\/hikari.ee\/ru\/wp-json\/wp\/v2\/media?parent=3440"}],"wp:term":[{"taxonomy":"product_cat","embeddable":true,"href":"https:\/\/hikari.ee\/ru\/wp-json\/wp\/v2\/product_cat?post=3440"},{"taxonomy":"product_tag","embeddable":true,"href":"https:\/\/hikari.ee\/ru\/wp-json\/wp\/v2\/product_tag?post=3440"}],"curies":[{"name":"wp","href":"https:\/\/api.w.org\/{rel}","templated":true}]}}